{"id":82,"date":"2025-11-12T12:56:39","date_gmt":"2025-11-12T10:56:39","guid":{"rendered":"https:\/\/techspirit.barcelona\/?page_id=82"},"modified":"2025-11-13T11:42:52","modified_gmt":"2025-11-13T09:42:52","slug":"politica-de-privacidad","status":"publish","type":"page","link":"https:\/\/techspirit.barcelona\/ca\/politica-de-privacidad\/","title":{"rendered":"Pol\u00edtica de privacidad"},"content":{"rendered":"\n<p>Som ASSOCIACI\u00d3 TECH BARCELONA, una associaci\u00f3 privada sense \u00e0nim de lucre, oberta al conjunt de l\u2019ecosistema tecnol\u00f2gic local i internacional amb base a Barcelona; una iniciativa impulsada per emprenedors d\u2019aquesta ciutat que treballa amb: emprenedors, empreses emergents, empreses consolidades, inversors, incubadores, acceleradores i company builders, universitats, escoles de negocis, mitjans de comunicaci\u00f3, administracions p\u00fabliques i altres agents (en endavant, anomenada de manera col\u00b7lectiva i indistintament&nbsp;\u00abTECH BARCELONA\u00bb,&nbsp;\u00abnosaltres\u00bb,&nbsp;\u00abnostre\u00bb,&nbsp;\u00abens\u00bb o \u00ab-nos\u00bb).<\/p>\n\n\n\n<p>Considerem important la privadesa de les persones, tant dels visitants del nostre lloc web&nbsp;https:\/\/www.techbarcelona.com&nbsp;(en endavant, el&nbsp;\u00ablloc web\u00bb) com de qualssevol altres afectats que ens proporcionen informaci\u00f3 a trav\u00e9s del lloc web, les dades dels quals s\u00f3n tractades per TECH BARCELONA com a part de la prestaci\u00f3 de serveis (des d\u2019ara i conjuntament&nbsp;\u00abv\u00f3s\u00bbo l\u2019\u00abusuari\u00bbi, de forma plural,&nbsp;\u00abvost\u00e8s\u00bbo els&nbsp;\u00abusuaris\u00bb). En aquest sentit, TECH BARCELONA es compromet al tractament de les vostres dades d\u2019acord amb la normativa de protecci\u00f3 de dades personals aplicable i en vigor en cada moment. Concretament, TECH BARCELONA complir\u00e0 les premisses establertes en la legislaci\u00f3 vigent, i en concret, de conformitat amb l\u2019establert en el Reglament (EU) 2016\/679 del Parlament Europeu i del Consell, del 27 abril de 2016, relatiu a la protecci\u00f3 de les persones f\u00edsiques en el que respecte al tractament de dades personals i a la lliure circulaci\u00f3 d\u2019aquestes dades i pel que es deroga la Directiva 95\/46\/CE (RGPD), a la Llei Org\u00e0nica 3\/2018, del 5 de desembre, de protecci\u00f3 de Dades Personals i garantia del drets digitals (LOPDGDD) i a la Llei 34\/2002, de 11 de julio, de serveis de la societat de la informaci\u00f3 i de comer\u00e7 electr\u00f2nic (LSSICE), en el referent al manteniment de la confidencialitat i tractament de dades personals facilitades voluntariament pels usuaris d\u2019aquesta p\u00e0gina Web.<\/p>\n\n\n\n<p>Basant-se en tot l\u2019anterior, TECH BARCELONA informa de la seva Pol\u00edtica de Privadesa, per tal de fer con\u00e8ixer als usuaris com funciona el tractament de les seves dades i descriure els principis fonamentals sobre protecci\u00f3 de dades personals que s\u2019apliquen. Tot i aix\u00f2, certs serveis prestats o que puguin prestar-se en un futur en el lloc web poden contenir condicions d\u2019\u00fas particulars amb previsions en mat\u00e8ria de protecci\u00f3 de dades personals que prevalguin sobre aquesta Pol\u00edtica de Privadesa.<\/p>\n\n\n\n<p>En relaci\u00f3 amb l\u2019anterior, instem tots els usuaris a llegir amb deteniment aquesta Pol\u00edtica de Privadesa a fi d\u2019informar-se sobre les normes i pr\u00e0ctiques que hem elaborat per protegir les dades personals. Aix\u00f2 tamb\u00e9 els servir\u00e0 per con\u00e8ixer millor les nostres relacions amb tercers que poguessin tenir acc\u00e9s a aquests dades.<\/p>\n\n\n\n<p>En qualsevol cas, l\u2019usuari \u00e9s l\u2019\u00fanic responsable de la informaci\u00f3 que proporcioni al lloc web i si en un futur TECH BARCELONA desitg\u00e9s utilitzar-la per a fins diferents dels referits, l\u2019informarem d\u2019aquests nous fins i demanarem el seu consentiment, si fos necessari.<\/p>\n\n\n\n<p>En utilitzar el nostre lloc web, confirmeu que heu llegit i accepteu aquesta Pol\u00edtica de Privadesa, la nostra\u00a0Pol\u00edtica de Cookies\u00a0i el nostre\u00a0Av\u00eds Legal.<\/p>\n\n\n\n<ol class=\"wp-block-list\">\n<li>Qui \u00e9s el responsable del tractament?<\/li>\n<\/ol>\n\n\n\n<p>Dades de contacte del responsable del tractament: ASSOCIACI\u00d3 TECH BARCELONA, amb CIF G-65.995.573 i domicili a Pla\u00e7a de Pau Vila, 1, Bloc A, Planta 3, Porta 3A3, 08003 \u2013 Barcelona i adre\u00e7a electr\u00f2nica de contacte\u00a0gdpr@techbarcelona.com;Quins s\u00f3n els drets de protecci\u00f3 de dades dels usuaris?<\/p>\n\n\n\n<ol class=\"wp-block-list\"><\/ol>\n","protected":false},"excerpt":{"rendered":"<p>Som ASSOCIACI\u00d3 TECH BARCELONA, una associaci\u00f3 privada sense \u00e0nim de lucre, oberta al conjunt de l\u2019ecosistema tecnol\u00f2gic local i internacional amb base a Barcelona; una iniciativa impulsada per emprenedors d\u2019aquesta ciutat que treballa amb: emprenedors, empreses emergents, empreses consolidades, inversors, incubadores, acceleradores i company builders, universitats, escoles de negocis, mitjans de comunicaci\u00f3, administracions p\u00fabliques i &hellip; <a href=\"https:\/\/techspirit.barcelona\/ca\/politica-de-privacidad\/\">Continued<\/a><\/p>\n","protected":false},"author":1,"featured_media":0,"parent":0,"menu_order":0,"comment_status":"closed","ping_status":"closed","template":"template-legal.blade.php","meta":{"_acf_changed":false,"footnotes":""},"class_list":["post-82","page","type-page","status-publish","hentry"],"acf":[],"yoast_head":"<!-- This site is optimized with the Yoast SEO plugin v27.3 - https:\/\/yoast.com\/product\/yoast-seo-wordpress\/ -->\n<title>Pol\u00edtica de privacidad - Tech Barcelona<\/title>\n<meta name=\"robots\" content=\"index, follow, max-snippet:-1, max-image-preview:large, max-video-preview:-1\" \/>\n<link rel=\"canonical\" href=\"https:\/\/techspirit.barcelona\/ca\/politica-de-privacidad\/\" \/>\n<meta property=\"og:locale\" content=\"ca_ES\" \/>\n<meta property=\"og:type\" content=\"article\" \/>\n<meta property=\"og:title\" content=\"Pol\u00edtica de privacidad - Tech Barcelona\" \/>\n<meta property=\"og:description\" content=\"Som ASSOCIACI\u00d3 TECH BARCELONA, una associaci\u00f3 privada sense \u00e0nim de lucre, oberta al conjunt de l\u2019ecosistema tecnol\u00f2gic local i internacional amb base a Barcelona; una iniciativa impulsada per emprenedors d\u2019aquesta ciutat que treballa amb: emprenedors, empreses emergents, empreses consolidades, inversors, incubadores, acceleradores i company builders, universitats, escoles de negocis, mitjans de comunicaci\u00f3, administracions p\u00fabliques i &hellip; Continued\" \/>\n<meta property=\"og:url\" content=\"https:\/\/techspirit.barcelona\/ca\/politica-de-privacidad\/\" \/>\n<meta property=\"og:site_name\" content=\"Tech Barcelona\" \/>\n<meta property=\"article:modified_time\" content=\"2025-11-13T09:42:52+00:00\" \/>\n<meta name=\"twitter:card\" content=\"summary_large_image\" \/>\n<meta name=\"twitter:label1\" content=\"Temps estimat de lectura\" \/>\n\t<meta name=\"twitter:data1\" content=\"3 minuts\" \/>\n<script type=\"application\/ld+json\" class=\"yoast-schema-graph\">{\"@context\":\"https:\\\/\\\/schema.org\",\"@graph\":[{\"@type\":\"WebPage\",\"@id\":\"https:\\\/\\\/techspirit.barcelona\\\/ca\\\/politica-de-privacidad\\\/\",\"url\":\"https:\\\/\\\/techspirit.barcelona\\\/ca\\\/politica-de-privacidad\\\/\",\"name\":\"Pol\u00edtica de privacidad - Tech Barcelona\",\"isPartOf\":{\"@id\":\"https:\\\/\\\/techspirit.lndo.site\\\/#website\"},\"datePublished\":\"2025-11-12T10:56:39+00:00\",\"dateModified\":\"2025-11-13T09:42:52+00:00\",\"breadcrumb\":{\"@id\":\"https:\\\/\\\/techspirit.barcelona\\\/ca\\\/politica-de-privacidad\\\/#breadcrumb\"},\"inLanguage\":\"ca\",\"potentialAction\":[{\"@type\":\"ReadAction\",\"target\":[\"https:\\\/\\\/techspirit.barcelona\\\/ca\\\/politica-de-privacidad\\\/\"]}]},{\"@type\":\"BreadcrumbList\",\"@id\":\"https:\\\/\\\/techspirit.barcelona\\\/ca\\\/politica-de-privacidad\\\/#breadcrumb\",\"itemListElement\":[{\"@type\":\"ListItem\",\"position\":1,\"name\":\"Home\",\"item\":\"https:\\\/\\\/techspirit.barcelona\\\/ca\\\/\"},{\"@type\":\"ListItem\",\"position\":2,\"name\":\"Pol\u00edtica de privacidad\"}]},{\"@type\":\"WebSite\",\"@id\":\"https:\\\/\\\/techspirit.lndo.site\\\/#website\",\"url\":\"https:\\\/\\\/techspirit.lndo.site\\\/\",\"name\":\"Tech Spirit\",\"description\":\"\",\"publisher\":{\"@id\":\"https:\\\/\\\/techspirit.lndo.site\\\/#organization\"},\"potentialAction\":[{\"@type\":\"SearchAction\",\"target\":{\"@type\":\"EntryPoint\",\"urlTemplate\":\"https:\\\/\\\/techspirit.lndo.site\\\/?s={search_term_string}\"},\"query-input\":{\"@type\":\"PropertyValueSpecification\",\"valueRequired\":true,\"valueName\":\"search_term_string\"}}],\"inLanguage\":\"ca\"},{\"@type\":\"Organization\",\"@id\":\"https:\\\/\\\/techspirit.lndo.site\\\/#organization\",\"name\":\"Tech Spirit\",\"url\":\"https:\\\/\\\/techspirit.lndo.site\\\/\",\"logo\":{\"@type\":\"ImageObject\",\"inLanguage\":\"ca\",\"@id\":\"https:\\\/\\\/techspirit.lndo.site\\\/#\\\/schema\\\/logo\\\/image\\\/\",\"url\":\"https:\\\/\\\/techspirit.barcelona\\\/app\\\/uploads\\\/2025\\\/11\\\/logo.webp\",\"contentUrl\":\"https:\\\/\\\/techspirit.barcelona\\\/app\\\/uploads\\\/2025\\\/11\\\/logo.webp\",\"width\":1360,\"height\":766,\"caption\":\"Tech Spirit\"},\"image\":{\"@id\":\"https:\\\/\\\/techspirit.lndo.site\\\/#\\\/schema\\\/logo\\\/image\\\/\"}}]}<\/script>\n<!-- \/ Yoast SEO plugin. -->","yoast_head_json":{"title":"Pol\u00edtica de privacidad - Tech Barcelona","robots":{"index":"index","follow":"follow","max-snippet":"max-snippet:-1","max-image-preview":"max-image-preview:large","max-video-preview":"max-video-preview:-1"},"canonical":"https:\/\/techspirit.barcelona\/ca\/politica-de-privacidad\/","og_locale":"ca_ES","og_type":"article","og_title":"Pol\u00edtica de privacidad - Tech Barcelona","og_description":"Som ASSOCIACI\u00d3 TECH BARCELONA, una associaci\u00f3 privada sense \u00e0nim de lucre, oberta al conjunt de l\u2019ecosistema tecnol\u00f2gic local i internacional amb base a Barcelona; una iniciativa impulsada per emprenedors d\u2019aquesta ciutat que treballa amb: emprenedors, empreses emergents, empreses consolidades, inversors, incubadores, acceleradores i company builders, universitats, escoles de negocis, mitjans de comunicaci\u00f3, administracions p\u00fabliques i &hellip; Continued","og_url":"https:\/\/techspirit.barcelona\/ca\/politica-de-privacidad\/","og_site_name":"Tech Barcelona","article_modified_time":"2025-11-13T09:42:52+00:00","twitter_card":"summary_large_image","twitter_misc":{"Temps estimat de lectura":"3 minuts"},"schema":{"@context":"https:\/\/schema.org","@graph":[{"@type":"WebPage","@id":"https:\/\/techspirit.barcelona\/ca\/politica-de-privacidad\/","url":"https:\/\/techspirit.barcelona\/ca\/politica-de-privacidad\/","name":"Pol\u00edtica de privacidad - Tech Barcelona","isPartOf":{"@id":"https:\/\/techspirit.lndo.site\/#website"},"datePublished":"2025-11-12T10:56:39+00:00","dateModified":"2025-11-13T09:42:52+00:00","breadcrumb":{"@id":"https:\/\/techspirit.barcelona\/ca\/politica-de-privacidad\/#breadcrumb"},"inLanguage":"ca","potentialAction":[{"@type":"ReadAction","target":["https:\/\/techspirit.barcelona\/ca\/politica-de-privacidad\/"]}]},{"@type":"BreadcrumbList","@id":"https:\/\/techspirit.barcelona\/ca\/politica-de-privacidad\/#breadcrumb","itemListElement":[{"@type":"ListItem","position":1,"name":"Home","item":"https:\/\/techspirit.barcelona\/ca\/"},{"@type":"ListItem","position":2,"name":"Pol\u00edtica de privacidad"}]},{"@type":"WebSite","@id":"https:\/\/techspirit.lndo.site\/#website","url":"https:\/\/techspirit.lndo.site\/","name":"Tech Spirit","description":"","publisher":{"@id":"https:\/\/techspirit.lndo.site\/#organization"},"potentialAction":[{"@type":"SearchAction","target":{"@type":"EntryPoint","urlTemplate":"https:\/\/techspirit.lndo.site\/?s={search_term_string}"},"query-input":{"@type":"PropertyValueSpecification","valueRequired":true,"valueName":"search_term_string"}}],"inLanguage":"ca"},{"@type":"Organization","@id":"https:\/\/techspirit.lndo.site\/#organization","name":"Tech Spirit","url":"https:\/\/techspirit.lndo.site\/","logo":{"@type":"ImageObject","inLanguage":"ca","@id":"https:\/\/techspirit.lndo.site\/#\/schema\/logo\/image\/","url":"https:\/\/techspirit.barcelona\/app\/uploads\/2025\/11\/logo.webp","contentUrl":"https:\/\/techspirit.barcelona\/app\/uploads\/2025\/11\/logo.webp","width":1360,"height":766,"caption":"Tech Spirit"},"image":{"@id":"https:\/\/techspirit.lndo.site\/#\/schema\/logo\/image\/"}}]}},"_links":{"self":[{"href":"https:\/\/techspirit.barcelona\/ca\/wp-json\/wp\/v2\/pages\/82","targetHints":{"allow":["GET"]}}],"collection":[{"href":"https:\/\/techspirit.barcelona\/ca\/wp-json\/wp\/v2\/pages"}],"about":[{"href":"https:\/\/techspirit.barcelona\/ca\/wp-json\/wp\/v2\/types\/page"}],"author":[{"embeddable":true,"href":"https:\/\/techspirit.barcelona\/ca\/wp-json\/wp\/v2\/users\/1"}],"replies":[{"embeddable":true,"href":"https:\/\/techspirit.barcelona\/ca\/wp-json\/wp\/v2\/comments?post=82"}],"version-history":[{"count":5,"href":"https:\/\/techspirit.barcelona\/ca\/wp-json\/wp\/v2\/pages\/82\/revisions"}],"predecessor-version":[{"id":143,"href":"https:\/\/techspirit.barcelona\/ca\/wp-json\/wp\/v2\/pages\/82\/revisions\/143"}],"wp:attachment":[{"href":"https:\/\/techspirit.barcelona\/ca\/wp-json\/wp\/v2\/media?parent=82"}],"curies":[{"name":"wp","href":"https:\/\/api.w.org\/{rel}","templated":true}]}}